{"id":869,"date":"2016-04-04T10:12:14","date_gmt":"2016-04-04T10:12:14","guid":{"rendered":"http:\/\/www.loc-matic.com\/en\/?page_id=869"},"modified":"2025-04-05T08:20:20","modified_gmt":"2025-04-05T08:20:20","slug":"contact","status":"publish","type":"page","link":"https:\/\/www.loc-matic.com\/en\/contact\/","title":{"rendered":"Contact"},"content":{"rendered":"<p>[vc_row][vc_column width=&#8221;1\/2&#8243;][vc_single_image image=&#8221;884&#8243; img_size=&#8221;full&#8221;][\/vc_column][vc_column width=&#8221;1\/2&#8243;][vc_single_image image=&#8221;883&#8243; img_size=&#8221;full&#8221;][\/vc_column][\/vc_row][vc_row][vc_column][vc_column_text]<strong>How to visit us:<br \/>\n<\/strong><\/p>\n<p>Leave the A9 freeway at junction 67 &#8211; Allershausen. Drive west on M\u00fcnchener Stra\u00dfe in the direction of the industrial area. Cross the following traffic circle straight ahead. After approx. 350 m turn right into M\u00fchlenstra\u00dfe. After approx. 100 m turn left into Kesselbodenstra\u00dfe.<\/p>\n<p>You will find LOC-matic GmbH after approx. 350 m on the left side.<\/p>\n<p>You can reach us by phone: 08166\/8578, fax: 08166\/8693 or e-mail: info@loc-matic.com. Or simply fill out the form below:[\/vc_column_text][vc_column_text]You can contact us by phone: +49 (0)8166 8578, fax: +49 (0)8166 8693 or\u00a0e-mail: info@loc-matic.com or by filling in the following form:[\/vc_column_text][\/vc_column][\/vc_row][vc_row][vc_column][vc_empty_space][vc_btn title=&#8221;Write us an Email&#8221; shape=&#8221;square&#8221; color=&#8221;inverse&#8221; size=&#8221;lg&#8221; align=&#8221;center&#8221; i_icon_fontawesome=&#8221;fa fa-envelope-open&#8221; button_block=&#8221;true&#8221; add_icon=&#8221;true&#8221; link=&#8221;url:mailto%3Ainfo%40loc-matic.com%3Fsubject%3DContact%2520request%26body%3DHello%252C%250A%250Awe%2520kindly%2520ask%2520you%2520to%2520contact%2520us.%250A%250AMy%2520contact%2520details%250AName%253A%250APhone%253A%250ACompany%253A%250AReason%253A|||&#8221;][vc_empty_space][\/vc_column][\/vc_row][vc_row][vc_column][vc_gmaps link=&#8221;#E-8_JTNDaWZyYW1lJTIwc3JjJTNEJTIyaHR0cHMlM0ElMkYlMkZ3d3cuZ29vZ2xlLmNvbSUyRm1hcHMlMkZlbWJlZCUzRnBiJTNEJTIxMW0xOCUyMTFtMTIlMjExbTMlMjExZDExMTUuMjAzNzUxMjM5MDU4MiUyMTJkMTEuNTcwODkwNzM5NjIxNzg1JTIxM2Q0OC40MjgyNzA0ODM4ODE1NyUyMTJtMyUyMTFmMCUyMTJmMCUyMTNmMCUyMTNtMiUyMTFpMTAyNCUyMTJpNzY4JTIxNGYxMy4xJTIxM20zJTIxMW0yJTIxMXMweDQ3OWU2ODcwOTBlMjJmMjElMjUzQTB4NWRhZWIxNzAxMTU5NTc1YiUyMTJzTE9DLW1hdGljJTJCR21iSCUyMTVlMSUyMTNtMiUyMTFzZGUlMjEyc2RlJTIxNHYxNDU5NzU4MDgwNDg3JTIyJTIwd2lkdGglM0QlMjI2MDAlMjIlMjBoZWlnaHQlM0QlMjI0NTAlMjIlMjBmcmFtZWJvcmRlciUzRCUyMjAlMjIlMjBzdHlsZSUzRCUyMmJvcmRlciUzQTAlMjIlMjBhbGxvd2Z1bGxzY3JlZW4lM0UlM0MlMkZpZnJhbWUlM0U=&#8221;][\/vc_column][\/vc_row]<\/p>\n","protected":false},"excerpt":{"rendered":"<p>[vc_row][vc_column width=&#8221;1\/2&#8243;][vc_single_image image=&#8221;884&#8243; img_size=&#8221;full&#8221;][\/vc_column][vc_column width=&#8221;1\/2&#8243;][vc_single_image image=&#8221;883&#8243; img_size=&#8221;full&#8221;][\/vc_column][\/vc_row][vc_row][vc_column][vc_column_text]How to visit us: Leave the A9 freeway at junction 67 &#8211; Allershausen. Drive west on M\u00fcnchener Stra\u00dfe in the direction of the industrial area. Cross the following traffic circle straight ahead. After approx. 350 m turn right into M\u00fchlenstra\u00dfe. After approx. 100 m turn left into Kesselbodenstra\u00dfe. You [&hellip;]<\/p>\n","protected":false},"author":3,"featured_media":0,"parent":0,"menu_order":0,"comment_status":"closed","ping_status":"closed","template":"","meta":{"footnotes":""},"class_list":["post-869","page","type-page","status-publish","hentry"],"yoast_head":"<!-- This site is optimized with the Yoast SEO plugin v19.9 - https:\/\/yoast.com\/wordpress\/plugins\/seo\/ -->\n<title>Contact - LOC-matic GmbH<\/title>\n<meta name=\"robots\" content=\"index, follow, max-snippet:-1, max-image-preview:large, max-video-preview:-1\" \/>\n<link rel=\"canonical\" href=\"https:\/\/www.loc-matic.com\/en\/contact\/\" \/>\n<meta property=\"og:locale\" content=\"en_US\" \/>\n<meta property=\"og:type\" content=\"article\" \/>\n<meta property=\"og:title\" content=\"Contact - LOC-matic GmbH\" \/>\n<meta property=\"og:description\" content=\"[vc_row][vc_column width=&#8221;1\/2&#8243;][vc_single_image image=&#8221;884&#8243; img_size=&#8221;full&#8221;][\/vc_column][vc_column width=&#8221;1\/2&#8243;][vc_single_image image=&#8221;883&#8243; img_size=&#8221;full&#8221;][\/vc_column][\/vc_row][vc_row][vc_column][vc_column_text]How to visit us: Leave the A9 freeway at junction 67 &#8211; Allershausen. Drive west on M\u00fcnchener Stra\u00dfe in the direction of the industrial area. Cross the following traffic circle straight ahead. After approx. 350 m turn right into M\u00fchlenstra\u00dfe. After approx. 100 m turn left into Kesselbodenstra\u00dfe. You [&hellip;]\" \/>\n<meta property=\"og:url\" content=\"https:\/\/www.loc-matic.com\/en\/contact\/\" \/>\n<meta property=\"og:site_name\" content=\"LOC-matic GmbH\" \/>\n<meta property=\"article:modified_time\" content=\"2025-04-05T08:20:20+00:00\" \/>\n<meta name=\"twitter:card\" content=\"summary_large_image\" \/>\n<meta name=\"twitter:label1\" content=\"Est. reading time\" \/>\n\t<meta name=\"twitter:data1\" content=\"1 minute\" \/>\n<script type=\"application\/ld+json\" class=\"yoast-schema-graph\">{\"@context\":\"https:\/\/schema.org\",\"@graph\":[{\"@type\":\"WebPage\",\"@id\":\"https:\/\/www.loc-matic.com\/en\/contact\/\",\"url\":\"https:\/\/www.loc-matic.com\/en\/contact\/\",\"name\":\"Contact - LOC-matic GmbH\",\"isPartOf\":{\"@id\":\"https:\/\/www.loc-matic.com\/#website\"},\"datePublished\":\"2016-04-04T10:12:14+00:00\",\"dateModified\":\"2025-04-05T08:20:20+00:00\",\"breadcrumb\":{\"@id\":\"https:\/\/www.loc-matic.com\/en\/contact\/#breadcrumb\"},\"inLanguage\":\"en-US\",\"potentialAction\":[{\"@type\":\"ReadAction\",\"target\":[\"https:\/\/www.loc-matic.com\/en\/contact\/\"]}]},{\"@type\":\"BreadcrumbList\",\"@id\":\"https:\/\/www.loc-matic.com\/en\/contact\/#breadcrumb\",\"itemListElement\":[{\"@type\":\"ListItem\",\"position\":1,\"name\":\"Home\",\"item\":\"https:\/\/www.loc-matic.com\/en\/\"},{\"@type\":\"ListItem\",\"position\":2,\"name\":\"Contact\"}]},{\"@type\":\"WebSite\",\"@id\":\"https:\/\/www.loc-matic.com\/#website\",\"url\":\"https:\/\/www.loc-matic.com\/\",\"name\":\"LOC-matic GmbH\",\"description\":\"HD-Werkzeugausr\u00fcstungen f\u00fcr die Rohstoff- und Gewinnungsindustrie\",\"potentialAction\":[{\"@type\":\"SearchAction\",\"target\":{\"@type\":\"EntryPoint\",\"urlTemplate\":\"https:\/\/www.loc-matic.com\/?s={search_term_string}\"},\"query-input\":\"required name=search_term_string\"}],\"inLanguage\":\"en-US\"}]}<\/script>\n<!-- \/ Yoast SEO plugin. -->","yoast_head_json":{"title":"Contact - LOC-matic GmbH","robots":{"index":"index","follow":"follow","max-snippet":"max-snippet:-1","max-image-preview":"max-image-preview:large","max-video-preview":"max-video-preview:-1"},"canonical":"https:\/\/www.loc-matic.com\/en\/contact\/","og_locale":"en_US","og_type":"article","og_title":"Contact - LOC-matic GmbH","og_description":"[vc_row][vc_column width=&#8221;1\/2&#8243;][vc_single_image image=&#8221;884&#8243; img_size=&#8221;full&#8221;][\/vc_column][vc_column width=&#8221;1\/2&#8243;][vc_single_image image=&#8221;883&#8243; img_size=&#8221;full&#8221;][\/vc_column][\/vc_row][vc_row][vc_column][vc_column_text]How to visit us: Leave the A9 freeway at junction 67 &#8211; Allershausen. Drive west on M\u00fcnchener Stra\u00dfe in the direction of the industrial area. Cross the following traffic circle straight ahead. After approx. 350 m turn right into M\u00fchlenstra\u00dfe. After approx. 100 m turn left into Kesselbodenstra\u00dfe. You [&hellip;]","og_url":"https:\/\/www.loc-matic.com\/en\/contact\/","og_site_name":"LOC-matic GmbH","article_modified_time":"2025-04-05T08:20:20+00:00","twitter_card":"summary_large_image","twitter_misc":{"Est. reading time":"1 minute"},"schema":{"@context":"https:\/\/schema.org","@graph":[{"@type":"WebPage","@id":"https:\/\/www.loc-matic.com\/en\/contact\/","url":"https:\/\/www.loc-matic.com\/en\/contact\/","name":"Contact - LOC-matic GmbH","isPartOf":{"@id":"https:\/\/www.loc-matic.com\/#website"},"datePublished":"2016-04-04T10:12:14+00:00","dateModified":"2025-04-05T08:20:20+00:00","breadcrumb":{"@id":"https:\/\/www.loc-matic.com\/en\/contact\/#breadcrumb"},"inLanguage":"en-US","potentialAction":[{"@type":"ReadAction","target":["https:\/\/www.loc-matic.com\/en\/contact\/"]}]},{"@type":"BreadcrumbList","@id":"https:\/\/www.loc-matic.com\/en\/contact\/#breadcrumb","itemListElement":[{"@type":"ListItem","position":1,"name":"Home","item":"https:\/\/www.loc-matic.com\/en\/"},{"@type":"ListItem","position":2,"name":"Contact"}]},{"@type":"WebSite","@id":"https:\/\/www.loc-matic.com\/#website","url":"https:\/\/www.loc-matic.com\/","name":"LOC-matic GmbH","description":"HD-Werkzeugausr\u00fcstungen f\u00fcr die Rohstoff- und Gewinnungsindustrie","potentialAction":[{"@type":"SearchAction","target":{"@type":"EntryPoint","urlTemplate":"https:\/\/www.loc-matic.com\/?s={search_term_string}"},"query-input":"required name=search_term_string"}],"inLanguage":"en-US"}]}},"_links":{"self":[{"href":"https:\/\/www.loc-matic.com\/en\/wp-json\/wp\/v2\/pages\/869","targetHints":{"allow":["GET"]}}],"collection":[{"href":"https:\/\/www.loc-matic.com\/en\/wp-json\/wp\/v2\/pages"}],"about":[{"href":"https:\/\/www.loc-matic.com\/en\/wp-json\/wp\/v2\/types\/page"}],"author":[{"embeddable":true,"href":"https:\/\/www.loc-matic.com\/en\/wp-json\/wp\/v2\/users\/3"}],"replies":[{"embeddable":true,"href":"https:\/\/www.loc-matic.com\/en\/wp-json\/wp\/v2\/comments?post=869"}],"version-history":[{"count":10,"href":"https:\/\/www.loc-matic.com\/en\/wp-json\/wp\/v2\/pages\/869\/revisions"}],"predecessor-version":[{"id":3560,"href":"https:\/\/www.loc-matic.com\/en\/wp-json\/wp\/v2\/pages\/869\/revisions\/3560"}],"wp:attachment":[{"href":"https:\/\/www.loc-matic.com\/en\/wp-json\/wp\/v2\/media?parent=869"}],"curies":[{"name":"wp","href":"https:\/\/api.w.org\/{rel}","templated":true}]}}